{"id":278,"date":"2023-11-20T14:26:05","date_gmt":"2023-11-20T13:26:05","guid":{"rendered":"https:\/\/wojciechroskosz.com\/?post_type=product&#038;p=278"},"modified":"2024-07-23T23:34:15","modified_gmt":"2024-07-23T21:34:15","slug":"nowotwor","status":"publish","type":"product","link":"https:\/\/wojciechroskosz.com\/index.php\/produkt\/nowotwor\/","title":{"rendered":"Nowotw\u00f3r"},"content":{"rendered":"","protected":false},"excerpt":{"rendered":"<p><b>Tytu\u0142:<br \/>\n<\/b>Nowotw\u00f3r<\/p>\n<p><strong>Cykl:<\/strong><br \/>\nMi\u0142o\u015b\u0107 Instalatora<\/p>\n<p><b>Data powstania:<\/b><br \/>\n2016<\/p>\n<p><b>Wymiary<\/b>\u00a0(cm)<b>:<\/b><br \/>\n23x23x4,5<\/p>\n<p><b>Opis:<\/b><br \/>\nPewnego dnia podczas instalacji poczu\u0142em co\u015b dziwnego, nietypowe zgrubienie na kablu, anomali\u0119. Po przeprowadzeniu badania przewodu okaza\u0142o si\u0119 to co wida\u0107. Wyj\u0105tkowy, niezwykle rzadki przypadek, nowotw\u00f3r, b\u0142\u0105d produkcyjny. Na kilometry kabla, kt\u00f3re tygodniowo przechodz\u0105 mi przez d\u0142onie to jedyna taka sytuacja. Prawdziwy okaz, z kt\u00f3rego wykona\u0142em preparat. Wyj\u0105tkowo\u015b\u0107 tej pracy podkre\u015bla owad, kt\u00f3ry wpad\u0142 do \u017cywicy &#8211; zas\u0142u\u017cona dla genetyki Drosophila melanogaster &#8211; Muszka owocowa.<br \/>\n<b>To wydarzenie sta\u0142o si\u0119 punktem zwrotnym, to zapalnik od kt\u00f3rego wybuch\u0142a &#8222;Mi\u0142o\u015b\u0107 Instalatora&#8221;.<\/b><\/p>\n<p><strong>W zbiorach kolekcji prywatnej.<\/strong><\/p>\n","protected":false},"featured_media":184,"template":"","meta":[],"product_brand":[],"product_cat":[18],"product_tag":[],"class_list":{"0":"post-278","1":"product","2":"type-product","3":"status-publish","4":"has-post-thumbnail","6":"product_cat-milosc","8":"first","9":"onbackorder","10":"featured","11":"shipping-taxable","12":"product-type-simple"},"jetpack_sharing_enabled":true,"_links":{"self":[{"href":"https:\/\/wojciechroskosz.com\/index.php\/wp-json\/wp\/v2\/product\/278","targetHints":{"allow":["GET"]}}],"collection":[{"href":"https:\/\/wojciechroskosz.com\/index.php\/wp-json\/wp\/v2\/product"}],"about":[{"href":"https:\/\/wojciechroskosz.com\/index.php\/wp-json\/wp\/v2\/types\/product"}],"wp:featuredmedia":[{"embeddable":true,"href":"https:\/\/wojciechroskosz.com\/index.php\/wp-json\/wp\/v2\/media\/184"}],"wp:attachment":[{"href":"https:\/\/wojciechroskosz.com\/index.php\/wp-json\/wp\/v2\/media?parent=278"}],"wp:term":[{"taxonomy":"product_brand","embeddable":true,"href":"https:\/\/wojciechroskosz.com\/index.php\/wp-json\/wp\/v2\/product_brand?post=278"},{"taxonomy":"product_cat","embeddable":true,"href":"https:\/\/wojciechroskosz.com\/index.php\/wp-json\/wp\/v2\/product_cat?post=278"},{"taxonomy":"product_tag","embeddable":true,"href":"https:\/\/wojciechroskosz.com\/index.php\/wp-json\/wp\/v2\/product_tag?post=278"}],"curies":[{"name":"wp","href":"https:\/\/api.w.org\/{rel}","templated":true}]}}