{"id":275,"date":"2023-11-20T13:56:16","date_gmt":"2023-11-20T12:56:16","guid":{"rendered":"https:\/\/wojciechroskosz.com\/?post_type=product&#038;p=275"},"modified":"2024-07-23T23:37:26","modified_gmt":"2024-07-23T21:37:26","slug":"01","status":"publish","type":"product","link":"https:\/\/wojciechroskosz.com\/index.php\/produkt\/01\/","title":{"rendered":"01"},"content":{"rendered":"","protected":false},"excerpt":{"rendered":"<p><b>Tytu\u0142:<br \/>\n<\/b>01<\/p>\n<p><strong>Cykl:<\/strong><br \/>\nMi\u0142o\u015b\u0107 Instalatora<\/p>\n<p><b>Data powstania:<\/b><br \/>\n2016<\/p>\n<p><b>Wymiary<\/b>\u00a0(cm)<b>:<\/b><br \/>\n50x50x3<\/p>\n<p><b>Opis:<\/b><br \/>\n01 to obraz powsta\u0142y z odpad\u00f3w powstaj\u0105cych podczas instalacji sieci LAN w mojej pracy instalatora teleinformatycznego. 01 to matematyczny zapis\/symbol dw\u00f3jkowego systemu binarnego, kt\u00f3ry jest najprostszym uk\u0142adem pozycyjnym. Elementami zbioru znak\u00f3w systemu binarnego jest w\u0142a\u015bnie para cyfr: 0 i 1. Znak dw\u00f3jkowy (0 lub 1) nazywany jest bitem. Prezentowane w przekroju kable to popularnie zwane skr\u0119tki, kt\u00f3re w\u0142a\u015bnie s\u0142u\u017c\u0105 do przesy\u0142ania bit\u00f3w.\u00a0 01<br \/>\nW zbiorach prywatnej kolekcji.<\/p>\n","protected":false},"featured_media":183,"template":"","meta":[],"product_brand":[],"product_cat":[18,31],"product_tag":[],"class_list":{"0":"post-275","1":"product","2":"type-product","3":"status-publish","4":"has-post-thumbnail","6":"product_cat-milosc","7":"product_cat-w-zbiorach-kolekcji-prywatnej","9":"first","10":"onbackorder","11":"featured","12":"shipping-taxable","13":"product-type-simple"},"jetpack_sharing_enabled":true,"_links":{"self":[{"href":"https:\/\/wojciechroskosz.com\/index.php\/wp-json\/wp\/v2\/product\/275","targetHints":{"allow":["GET"]}}],"collection":[{"href":"https:\/\/wojciechroskosz.com\/index.php\/wp-json\/wp\/v2\/product"}],"about":[{"href":"https:\/\/wojciechroskosz.com\/index.php\/wp-json\/wp\/v2\/types\/product"}],"wp:featuredmedia":[{"embeddable":true,"href":"https:\/\/wojciechroskosz.com\/index.php\/wp-json\/wp\/v2\/media\/183"}],"wp:attachment":[{"href":"https:\/\/wojciechroskosz.com\/index.php\/wp-json\/wp\/v2\/media?parent=275"}],"wp:term":[{"taxonomy":"product_brand","embeddable":true,"href":"https:\/\/wojciechroskosz.com\/index.php\/wp-json\/wp\/v2\/product_brand?post=275"},{"taxonomy":"product_cat","embeddable":true,"href":"https:\/\/wojciechroskosz.com\/index.php\/wp-json\/wp\/v2\/product_cat?post=275"},{"taxonomy":"product_tag","embeddable":true,"href":"https:\/\/wojciechroskosz.com\/index.php\/wp-json\/wp\/v2\/product_tag?post=275"}],"curies":[{"name":"wp","href":"https:\/\/api.w.org\/{rel}","templated":true}]}}