{"id":274,"date":"2023-11-20T10:56:19","date_gmt":"2023-11-20T09:56:19","guid":{"rendered":"https:\/\/wojciechroskosz.com\/?post_type=product&#038;p=274"},"modified":"2024-07-23T23:54:45","modified_gmt":"2024-07-23T21:54:45","slug":"lzy-instalatora","status":"publish","type":"product","link":"https:\/\/wojciechroskosz.com\/index.php\/produkt\/lzy-instalatora\/","title":{"rendered":"\u0141zy instalatora"},"content":{"rendered":"","protected":false},"excerpt":{"rendered":"<p><b>Tytu\u0142:<br \/>\n<\/b>\u0141zy instalatora<\/p>\n<p><strong>Cykl:<\/strong><br \/>\nMi\u0142o\u015b\u0107 Instalatora<\/p>\n<p><b>Data powstania:<\/b><br \/>\n2016<\/p>\n<p><b>Wymiary<\/b>\u00a0(cm)<b>:<\/b><br \/>\n52x52x4,5<\/p>\n<p><b>Opis:<\/b><br \/>\nTworzywem s\u0105 odpady pozyskane w czasie spawania \u015bwiat\u0142owod\u00f3w. Kompozycja jest w &#8222;\u0142adzie&#8221; natomiast kable te z natury s\u0105 poskr\u0119cane i popl\u0105tane, w bran\u017cy nazywane spaghetti.<br \/>\nChwila nieuwagi i instalatorowi pozostaje \u017cmudny proces rozpl\u0105tywania.\u00a0 To dziadostwo jest niczym innym jak szklan\u0105 rurk\u0105, cie\u0144sz\u0105 od w\u0142osa.<\/p>\n<p>W zbiorach kolekcji 66P Subiektywna Instytucja Kultury<\/p>\n","protected":false},"featured_media":175,"template":"","meta":[],"product_brand":[],"product_cat":[18,31],"product_tag":[],"class_list":{"0":"post-274","1":"product","2":"type-product","3":"status-publish","4":"has-post-thumbnail","6":"product_cat-milosc","7":"product_cat-w-zbiorach-kolekcji-prywatnej","9":"first","10":"onbackorder","11":"featured","12":"shipping-taxable","13":"product-type-simple"},"jetpack_sharing_enabled":true,"_links":{"self":[{"href":"https:\/\/wojciechroskosz.com\/index.php\/wp-json\/wp\/v2\/product\/274","targetHints":{"allow":["GET"]}}],"collection":[{"href":"https:\/\/wojciechroskosz.com\/index.php\/wp-json\/wp\/v2\/product"}],"about":[{"href":"https:\/\/wojciechroskosz.com\/index.php\/wp-json\/wp\/v2\/types\/product"}],"wp:featuredmedia":[{"embeddable":true,"href":"https:\/\/wojciechroskosz.com\/index.php\/wp-json\/wp\/v2\/media\/175"}],"wp:attachment":[{"href":"https:\/\/wojciechroskosz.com\/index.php\/wp-json\/wp\/v2\/media?parent=274"}],"wp:term":[{"taxonomy":"product_brand","embeddable":true,"href":"https:\/\/wojciechroskosz.com\/index.php\/wp-json\/wp\/v2\/product_brand?post=274"},{"taxonomy":"product_cat","embeddable":true,"href":"https:\/\/wojciechroskosz.com\/index.php\/wp-json\/wp\/v2\/product_cat?post=274"},{"taxonomy":"product_tag","embeddable":true,"href":"https:\/\/wojciechroskosz.com\/index.php\/wp-json\/wp\/v2\/product_tag?post=274"}],"curies":[{"name":"wp","href":"https:\/\/api.w.org\/{rel}","templated":true}]}}