{"id":272,"date":"2023-11-20T10:30:58","date_gmt":"2023-11-20T09:30:58","guid":{"rendered":"https:\/\/wojciechroskosz.com\/?post_type=product&#038;p=272"},"modified":"2024-07-23T23:44:19","modified_gmt":"2024-07-23T21:44:19","slug":"pobudka","status":"publish","type":"product","link":"https:\/\/wojciechroskosz.com\/index.php\/produkt\/pobudka\/","title":{"rendered":"Pobudka"},"content":{"rendered":"","protected":false},"excerpt":{"rendered":"<p><b>Tytu\u0142:<br \/>\n<\/b>Pobudka<\/p>\n<p><strong>Cykl:<\/strong><br \/>\nMi\u0142o\u015b\u0107 Instalatora<\/p>\n<p><b>Data powstania:<\/b><br \/>\n2016<\/p>\n<p><b>Wymiary<\/b>\u00a0(cm)<b>:<\/b><br \/>\n50x50x3<\/p>\n<p><b>Opis:<\/b><br \/>\nTo pierwszy obraz, z seri 3, malowanych emulsj\u0105 na bazie kawy parzonej. To zapis porannej czynno\u015bci od kt\u00f3rej zaczyna\u0142em ka\u017cdy dzie\u0144 pracy. Specjaln\u0105, starannie przyrz\u0105dzon\u0105, wed\u0142ug receptury lokalnego Herta, emulsj\u0105 maluj\u0119 denka kubk\u00f3w &#8211; jeden dziennie. Gdy poranna narada dobiega\u0142a ko\u0144ca z niecierpliwo\u015bci\u0105 czeka\u0142em na kolejny obraz na dnie. Zebrane z kilku miesi\u0119cy pojedyncze malowid\u0142a tworz\u0105 jedno.<\/p>\n<p>NAGRODA&#8221;<strong>Srebrna Ostroga<\/strong>&#8221; w ramach 27 Og\u00f3lnopolskiego Przegl\u0105du Malarstwa M\u0142odych \/2017 \/ Galeria Sztuki w Legnicy.<\/p>\n<p><b>W zbiorach Miejskiej Galerii Sztuki w Legnicy<\/b><\/p>\n<p>&nbsp;<\/p>\n","protected":false},"featured_media":273,"template":"","meta":[],"product_brand":[],"product_cat":[18],"product_tag":[],"class_list":{"0":"post-272","1":"product","2":"type-product","3":"status-publish","4":"has-post-thumbnail","6":"product_cat-milosc","8":"first","9":"onbackorder","10":"featured","11":"shipping-taxable","12":"product-type-simple"},"jetpack_sharing_enabled":true,"_links":{"self":[{"href":"https:\/\/wojciechroskosz.com\/index.php\/wp-json\/wp\/v2\/product\/272","targetHints":{"allow":["GET"]}}],"collection":[{"href":"https:\/\/wojciechroskosz.com\/index.php\/wp-json\/wp\/v2\/product"}],"about":[{"href":"https:\/\/wojciechroskosz.com\/index.php\/wp-json\/wp\/v2\/types\/product"}],"wp:featuredmedia":[{"embeddable":true,"href":"https:\/\/wojciechroskosz.com\/index.php\/wp-json\/wp\/v2\/media\/273"}],"wp:attachment":[{"href":"https:\/\/wojciechroskosz.com\/index.php\/wp-json\/wp\/v2\/media?parent=272"}],"wp:term":[{"taxonomy":"product_brand","embeddable":true,"href":"https:\/\/wojciechroskosz.com\/index.php\/wp-json\/wp\/v2\/product_brand?post=272"},{"taxonomy":"product_cat","embeddable":true,"href":"https:\/\/wojciechroskosz.com\/index.php\/wp-json\/wp\/v2\/product_cat?post=272"},{"taxonomy":"product_tag","embeddable":true,"href":"https:\/\/wojciechroskosz.com\/index.php\/wp-json\/wp\/v2\/product_tag?post=272"}],"curies":[{"name":"wp","href":"https:\/\/api.w.org\/{rel}","templated":true}]}}