{"id":172,"date":"2023-07-22T08:35:10","date_gmt":"2023-07-22T06:35:10","guid":{"rendered":"https:\/\/wojciechroskosz.com\/?post_type=product&#038;p=172"},"modified":"2024-07-23T23:54:25","modified_gmt":"2024-07-23T21:54:25","slug":"w-tlumie","status":"publish","type":"product","link":"https:\/\/wojciechroskosz.com\/index.php\/produkt\/w-tlumie\/","title":{"rendered":"W t\u0142umie"},"content":{"rendered":"","protected":false},"excerpt":{"rendered":"<p><b>Tytu\u0142:<br \/>\n<\/b>\u201eW t\u0142umie\u201d<\/p>\n<p><strong>Cykl:<\/strong><br \/>\nMi\u0142o\u015b\u0107 Instalatora<\/p>\n<p><b>Data powstania:<\/b><br \/>\n2016<\/p>\n<p><b>Wymiary<\/b> (cm)<b>:<\/b><br \/>\n50x50x3<\/p>\n<p class=\"p1\">Jedna cz\u0119\u015b\u0107 z dyptyku, w ramach serii prac &#8222;Mi\u0142o\u015b\u0107 Instalatora&#8221; namalowany z odpad\u00f3w powstaj\u0105cych podczas instalacji sieci LAN w mojej pracy instalatora teleinformatycznego. Skr\u0119tka i ta\u015bma izolacyjna to duet, z kt\u00f3rym na codzie\u0144 pracuj\u0119 nad uk\u0142adami choreograficznymi w szachtach czy innych trasach kablowych. S\u0142aba, cienka, w\u0105t\u0142a, cho\u0107 elastyczna ta\u015bma izolacyjna w du\u017cej ilo\u015bci w moich r\u0119kach staje si\u0119 narz\u0119dziem represji w stosunki do p\u0119k\u00f3w krn\u0105brnego, spr\u0119\u017cystego, silnego przewodu miedzianego. Ofiara, narz\u0119dzie, gwa\u0142ciciel, narz\u0119dzie, ofiaranarz\u0119dziegwa\u0142ciciel&#8230;<\/p>\n<p>W zbiorach kolekcji prywatnej.<\/p>\n","protected":false},"featured_media":165,"template":"","meta":[],"product_brand":[],"product_cat":[18,31],"product_tag":[],"class_list":{"0":"post-172","1":"product","2":"type-product","3":"status-publish","4":"has-post-thumbnail","6":"product_cat-milosc","7":"product_cat-w-zbiorach-kolekcji-prywatnej","9":"first","10":"onbackorder","11":"shipping-taxable","12":"product-type-simple"},"jetpack_sharing_enabled":true,"_links":{"self":[{"href":"https:\/\/wojciechroskosz.com\/index.php\/wp-json\/wp\/v2\/product\/172","targetHints":{"allow":["GET"]}}],"collection":[{"href":"https:\/\/wojciechroskosz.com\/index.php\/wp-json\/wp\/v2\/product"}],"about":[{"href":"https:\/\/wojciechroskosz.com\/index.php\/wp-json\/wp\/v2\/types\/product"}],"wp:featuredmedia":[{"embeddable":true,"href":"https:\/\/wojciechroskosz.com\/index.php\/wp-json\/wp\/v2\/media\/165"}],"wp:attachment":[{"href":"https:\/\/wojciechroskosz.com\/index.php\/wp-json\/wp\/v2\/media?parent=172"}],"wp:term":[{"taxonomy":"product_brand","embeddable":true,"href":"https:\/\/wojciechroskosz.com\/index.php\/wp-json\/wp\/v2\/product_brand?post=172"},{"taxonomy":"product_cat","embeddable":true,"href":"https:\/\/wojciechroskosz.com\/index.php\/wp-json\/wp\/v2\/product_cat?post=172"},{"taxonomy":"product_tag","embeddable":true,"href":"https:\/\/wojciechroskosz.com\/index.php\/wp-json\/wp\/v2\/product_tag?post=172"}],"curies":[{"name":"wp","href":"https:\/\/api.w.org\/{rel}","templated":true}]}}