{"id":341,"date":"2024-05-16T18:54:18","date_gmt":"2024-05-16T16:54:18","guid":{"rendered":"https:\/\/wojciechroskosz.com\/?page_id=341"},"modified":"2025-06-01T14:23:23","modified_gmt":"2025-06-01T14:23:23","slug":"aktualnosci","status":"publish","type":"page","link":"https:\/\/wojciechroskosz.com\/index.php\/aktualnosci\/","title":{"rendered":"AKTUALNo\u015bci"},"content":{"rendered":"\n<p><strong>Ten film zabierze Ci tylko  3 minuty   <\/strong><br><strong>&#8222;Sztuki branie&#8221;,  to element\u00a0 mojej\u00a0 wypowiedzi w ramach Wystawy &#8221; Tak o rzece&#8221;<\/strong><br><\/p>\n\n\n\n<div class=\"wp-block-columns is-layout-flex wp-container-core-columns-is-layout-9d6595d7 wp-block-columns-is-layout-flex\">\n<div class=\"wp-block-column is-layout-flow wp-block-column-is-layout-flow\" style=\"flex-basis:25%\"><\/div>\n\n\n\n<div class=\"wp-block-column is-layout-flow wp-block-column-is-layout-flow\" style=\"flex-basis:50%\"><\/div>\n\n\n\n<div class=\"wp-block-column is-layout-flow wp-block-column-is-layout-flow\" style=\"flex-basis:25%\"><\/div>\n<\/div>\n\n\n\n<div class=\"wp-block-group has-medium-font-size is-vertical is-layout-flex wp-container-core-group-is-layout-8cf370e7 wp-block-group-is-layout-flex\">\n<div class=\"wp-block-group\"><div class=\"wp-block-group__inner-container is-layout-constrained wp-block-group-is-layout-constrained\">\n<hr class=\"wp-block-separator has-alpha-channel-opacity\"\/>\n\n\n\n<figure class=\"wp-block-embed alignleft is-type-video is-provider-youtube wp-block-embed-youtube wp-embed-aspect-16-9 wp-has-aspect-ratio\"><div class=\"wp-block-embed__wrapper\">\n<iframe loading=\"lazy\" title=\"Sztuki branie Wojciech Roskosz - sztuka samorzutna\" width=\"1220\" height=\"686\" src=\"https:\/\/www.youtube.com\/embed\/aFV8pD-tQq4?feature=oembed\" frameborder=\"0\" allow=\"accelerometer; autoplay; clipboard-write; encrypted-media; gyroscope; picture-in-picture; web-share\" referrerpolicy=\"strict-origin-when-cross-origin\" allowfullscreen><\/iframe>\n<\/div><figcaption class=\"wp-element-caption\"><strong>Zapraszam na bark\u0119, \u017ceby &#8222;z\u0142apa\u0107&#8221; pe\u0142ny obraz, tam te\u017c znajduje si\u0119 druga cze\u015b\u0107 mojej pracy. Eksponat, model, instalacja nawi\u0105zuj\u0105ca do tego co, w wi\u0119kszo\u015bci z nas w wieku dzieci\u0119cym, towarzyszy\u0142o zabawom nad wod\u0105. Moja \u0142\u00f3deczka z kory ma \u017cagiel z polaroida &#8211; uwielbiam t\u0119 &#8222;zabawk\u0119&#8221;. Na rzeczonym zdj\u0119ciu wida\u0107 moich najbli\u017cszych, kt\u00f3rzy nap\u0119dzaj\u0105 moj\u0105 \u0142\u00f3deczk\u0119 codzienno\u015bci&#8230; <\/strong><br><strong><br>Powy\u017cszy film, jest zapisem powstawania ulotnej sztuki samorzutnej, autork\u0105 jest Kr\u00f3lowa Wis\u0142a. Rzeka stworzy\u0142a te obrazy blisko swego \u017ar\u00f3d\u0142a, czyli w swym dzieci\u0119cym nurcie, bawi\u0142a si\u0119 niesionym przez siebie materia\u0142em. <\/strong><br><strong>Tak jak ja, <\/strong><br><strong>Ty drogi odbiorco, <\/strong><br><strong>MY<\/strong><br><strong>w dzieci\u0144stwie d\u0142ubali\u015bmy \u0142\u00f3deczki z kory.  <\/strong><br><br><strong>po\u015bwi\u0119\u0107 prosz\u0119 3 minuty, przypomnij sobie jak ko\u0142ysa\u0142y si\u0119 Twoje stateczki &#8230; nurt potrafi si\u0119 tak bawi\u0107 przez ca\u0142e swe  rzycie, do samego morza, a Ty?<\/strong><br><br><strong>Zobacz! Masz &#8222;sztuki branie&#8221;<\/strong><br><strong>   <\/strong><br><br><strong><br><\/strong><\/figcaption><\/figure>\n<\/div><\/div>\n\n\n\n<div class=\"wp-block-group is-nowrap is-layout-flex wp-container-core-group-is-layout-ad2f72ca wp-block-group-is-layout-flex\">\n<figure class=\"wp-block-image size-full\"><img loading=\"lazy\" decoding=\"async\" width=\"1067\" height=\"840\" src=\"https:\/\/wojciechroskosz.com\/wp-content\/uploads\/2024\/05\/TAK-O-RZECE_baner.jpg\" alt=\"\" class=\"wp-image-346\" srcset=\"https:\/\/wojciechroskosz.com\/wp-content\/uploads\/2024\/05\/TAK-O-RZECE_baner.jpg 1067w, https:\/\/wojciechroskosz.com\/wp-content\/uploads\/2024\/05\/TAK-O-RZECE_baner-500x394.jpg 500w, https:\/\/wojciechroskosz.com\/wp-content\/uploads\/2024\/05\/TAK-O-RZECE_baner-300x236.jpg 300w, https:\/\/wojciechroskosz.com\/wp-content\/uploads\/2024\/05\/TAK-O-RZECE_baner-768x605.jpg 768w, https:\/\/wojciechroskosz.com\/wp-content\/uploads\/2024\/05\/TAK-O-RZECE_baner-95x75.jpg 95w, https:\/\/wojciechroskosz.com\/wp-content\/uploads\/2024\/05\/TAK-O-RZECE_baner-480x378.jpg 480w\" sizes=\"auto, (max-width:767px) 480px, (max-width:1067px) 100vw, 1067px\" \/><\/figure>\n<\/div>\n<\/div>\n\n\n\n<p><strong>Wystawa \u201eTak&nbsp;o&nbsp;rzece\u201d<\/strong><\/p>\n\n\n\n<p><strong>18-31 maja 2024<br>Wernisa\u017c: 18 maja (sobota), godz. 19:00<br>\u2013 Noc Muze\u00f3w 2024 \u2013<br>Galeria Awanport, p\u0142ywaj\u0105ca barka, Odra<br>FOMT, wyb. Wyspia\u0144skiego 27, Wroc\u0142aw<br><br>ARTY\u015aCI:<br>Piotr Butkiewicz, Rafa\u0142 Chojnowski, Wojciech G\u0142ogowski, Ma\u0142gorzata Jojnowicz, Malwina Karp, R\u00f3za Kordos, Marek Marchwicki, Anna Marchwicka, Edyta Purzycka, Wojciech Roskosz, Marek Ruszkiewicz, Krystyna Szczepaniak.<\/strong><\/p>\n\n\n\n<p><br>Wystawa&nbsp; 12. artyst\u00f3w zwi\u0105zanych mocno z Wroc\u0142awiem, g\u0142\u00f3wnie malarzy, ale nie ograniczaj\u0105cych si\u0119 tylko do jednego medium. Na wystawie \u201eTak o rzece\u201d b\u0119dzie mo\u017cna zobaczy\u0107&nbsp; zar\u00f3wno obrazy olejne, jak r\u00f3wnie\u017c grafik\u0119, rysunek oraz ceramik\u0119. Tw\u00f3rcy podejm\u0105 istotny dla nas wszystkich aspekt jakim jest rzeka, rzeka, nie tylko jako obszar geograficzny ale tak\u017ce jako strefa organicznie zwi\u0105zana z \u017cyciem, krwioobiegiem, wod\u0105, wypoczynkiem, ale r\u00f3wnie\u017c filozoficznie, jako nieustaj\u0105ce p\u0142yni\u0119cie, czasu, przemijania i odradzania.<\/p>\n\n\n\n<p>Znamy s\u0142owa \u201eRzeka daje i zabiera\u201d, czy\u017c nie mo\u017cemy r\u00f3wnie\u017c stwierdzi\u0107, cz\u0142owiek rzece daje i zabiera. Nie mo\u017cna zapomnie\u0107 o ostatnich dramatycznych wydarzeniach zwi\u0105zanych z zanieczyszczeniem Odry. Arty\u015bci nie mog\u0105 zosta\u0107 na to oboj\u0119tni.<\/p>\n\n\n\n<p>Krystyna Szczepaniak | kapitan wydarzenia<\/p>\n","protected":false},"excerpt":{"rendered":"<p>Ten film zabierze Ci tylko 3 minuty &#8222;Sztuki branie&#8221;, to element\u00a0 mojej\u00a0 wypowiedzi w ramach Wystawy &#8221; Tak o rzece&#8221; Wystawa \u201eTak&nbsp;o&nbsp;rzece\u201d 18-31 maja 2024Wernisa\u017c: 18<span class=\"excerpt-hellip\"> [\u2026]<\/span><\/p>\n","protected":false},"author":1,"featured_media":0,"parent":0,"menu_order":0,"comment_status":"closed","ping_status":"closed","template":"","meta":{"footnotes":""},"class_list":["post-341","page","type-page","status-publish","hentry"],"jetpack_sharing_enabled":true,"_links":{"self":[{"href":"https:\/\/wojciechroskosz.com\/index.php\/wp-json\/wp\/v2\/pages\/341","targetHints":{"allow":["GET"]}}],"collection":[{"href":"https:\/\/wojciechroskosz.com\/index.php\/wp-json\/wp\/v2\/pages"}],"about":[{"href":"https:\/\/wojciechroskosz.com\/index.php\/wp-json\/wp\/v2\/types\/page"}],"author":[{"embeddable":true,"href":"https:\/\/wojciechroskosz.com\/index.php\/wp-json\/wp\/v2\/users\/1"}],"replies":[{"embeddable":true,"href":"https:\/\/wojciechroskosz.com\/index.php\/wp-json\/wp\/v2\/comments?post=341"}],"version-history":[{"count":21,"href":"https:\/\/wojciechroskosz.com\/index.php\/wp-json\/wp\/v2\/pages\/341\/revisions"}],"predecessor-version":[{"id":382,"href":"https:\/\/wojciechroskosz.com\/index.php\/wp-json\/wp\/v2\/pages\/341\/revisions\/382"}],"wp:attachment":[{"href":"https:\/\/wojciechroskosz.com\/index.php\/wp-json\/wp\/v2\/media?parent=341"}],"curies":[{"name":"wp","href":"https:\/\/api.w.org\/{rel}","templated":true}]}}